{"id":208,"date":"2026-02-25T13:54:44","date_gmt":"2026-02-25T16:54:44","guid":{"rendered":"https:\/\/www.cemig.com.br\/en\/cemig-at-cities\/"},"modified":"2026-04-29T23:50:29","modified_gmt":"2026-04-30T02:50:29","slug":"cemig-at-cities","status":"publish","type":"page","link":"https:\/\/www.cemig.com.br\/en\/energy-efficiency-program\/cemig-at-cities\/","title":{"rendered":"Cemig at Cities"},"content":{"rendered":"\n<h1 class=\"wp-block-heading\">Cemig at Cities<\/h1>\n\n\n\n<h2 class=\"wp-block-heading\">Installing Led lamps<\/h2>\n\n\n\n<p>Standardize public lighting points with LED technology lamps \u2013&nbsp;As a result of the quality of the new lamps installation, the initiative aims to provide a reduction in municipal energy consumption and advances in the population safety. The initiative, which is part of the 2017 Public Call for Projects, also allows remote control and management of the entire lighting system.<\/p>\n\n\n\n<h3 class=\"wp-block-heading\">Public<\/h3>\n\n\n\n<p>The entire population of municipalities contemplated.<\/p>\n\n\n\n<h3 class=\"wp-block-heading\">Scope<\/h3>\n\n\n\n<p>El\u00f3i Mendes (3086 points), Mar de Espa\u00f1a (1247 points) and Ipia\u00e7u (691 points).<\/p>\n\n\n\n<div style=\"height:48px\" aria-hidden=\"true\" class=\"wp-block-spacer\"><\/div>\n\n\n\n<h2 class=\"wp-block-heading\">Modernizing the lighting of the Pal\u00e1cio da Liberdade<\/h2>\n\n\n\n<p>Upgrade the lighting retrofit \u2013\u00a0System composed of light bulbs, ballasts and lamps \u2013 of the whole Pal\u00e1cio da Liberdade, in Belo Horizonte.<\/p>\n\n\n\n<h3 class=\"wp-block-heading\">Public<\/h3>\n\n\n\n<p>Visitors to the historic Government headquarters open to visitation and Public Sector.<\/p>\n\n\n\n<h3 class=\"wp-block-heading\">Scope<\/h3>\n\n\n\n<p>Internal and external premises of Liberty Palace, Governor\u2019s Military Office and&nbsp;Voluntary Social Welfare Service (Servas).<\/p>\n\n\n\n<div style=\"height:48px\" aria-hidden=\"true\" class=\"wp-block-spacer\"><\/div>\n\n\n\n<h2 class=\"wp-block-heading\">Led lightinh on the BH road<\/h2>\n\n\n\n<p>Adapting electrical installations and standardizing and unifying, the whole system with LED technology.&nbsp;&nbsp;<\/p>\n\n\n\n<h3 class=\"wp-block-heading\">Public<\/h3>\n\n\n\n<p>40,000 people circulating at the Bus Terminal every day.<\/p>\n\n\n\n<h3 class=\"wp-block-heading\">Scope<\/h3>\n\n\n\n<p>Belo Horizonte Bus Station<\/p>\n","protected":false},"excerpt":{"rendered":"<p>Cemig at Cities Installing Led lamps Standardize public lighting points with LED technology lamps \u2013&nbsp;As a result of the quality of the new lamps installation, the initiative aims to provide a reduction in municipal energy consumption and advances in the population safety. The initiative, which is part of the 2017 Public Call for Projects, also allows remote control and management of the entire lighting system. Public The entire population of municipalities contemplated. Scope El\u00f3i Mendes (3086 points), Mar de Espa\u00f1a (1247 points) and Ipia\u00e7u (691 points). Modernizing the lighting of the Pal\u00e1cio da Liberdade Upgrade the lighting retrofit \u2013\u00a0System composed of light bulbs, ballasts and lamps \u2013 of the whole Pal\u00e1cio da Liberdade, in Belo Horizonte. Public Visitors to the historic Government headquarters open to visitation and Public Sector. Scope Internal and external premises of Liberty Palace, Governor\u2019s Military Office and&nbsp;Voluntary Social Welfare Service (Servas). Led lightinh on the BH road Adapting electrical installations and standardizing and unifying, the whole system with LED technology.&nbsp;&nbsp; Public 40,000 people circulating at the Bus Terminal every day. Scope Belo Horizonte Bus Station<\/p>\n","protected":false},"author":1,"featured_media":0,"parent":204,"menu_order":2,"comment_status":"closed","ping_status":"closed","template":"page-topicos.php","meta":{"_acf_changed":false,"footnotes":""},"tipo-de-conteudo":[20,21],"class_list":["post-208","page","type-page","status-publish","hentry"],"acf":[],"yoast_head":"<!-- This site is optimized with the Yoast SEO plugin v26.0 - https:\/\/yoast.com\/wordpress\/plugins\/seo\/ -->\n<title>Cemig at Cities - Cemig en<\/title>\n<meta name=\"robots\" content=\"index, follow, max-snippet:-1, max-image-preview:large, max-video-preview:-1\" \/>\n<link rel=\"canonical\" href=\"https:\/\/www.cemig.com.br\/en\/energy-efficiency-program\/cemig-at-cities\/\" \/>\n<meta property=\"og:locale\" content=\"en_US\" \/>\n<meta property=\"og:type\" content=\"article\" \/>\n<meta property=\"og:title\" content=\"Cemig at Cities - Cemig en\" \/>\n<meta property=\"og:description\" content=\"Cemig at Cities Installing Led lamps Standardize public lighting points with LED technology lamps \u2013&nbsp;As a result of the quality of the new lamps installation, the initiative aims to provide a reduction in municipal energy consumption and advances in the population safety. The initiative, which is part of the 2017 Public Call for Projects, also allows remote control and management of the entire lighting system. Public The entire population of municipalities contemplated. Scope El\u00f3i Mendes (3086 points), Mar de Espa\u00f1a (1247 points) and Ipia\u00e7u (691 points). Modernizing the lighting of the Pal\u00e1cio da Liberdade Upgrade the lighting retrofit \u2013\u00a0System composed of light bulbs, ballasts and lamps \u2013 of the whole Pal\u00e1cio da Liberdade, in Belo Horizonte. Public Visitors to the historic Government headquarters open to visitation and Public Sector. Scope Internal and external premises of Liberty Palace, Governor\u2019s Military Office and&nbsp;Voluntary Social Welfare Service (Servas). Led lightinh on the BH road Adapting electrical installations and standardizing and unifying, the whole system with LED technology.&nbsp;&nbsp; Public 40,000 people circulating at the Bus Terminal every day. Scope Belo Horizonte Bus Station\" \/>\n<meta property=\"og:url\" content=\"https:\/\/www.cemig.com.br\/en\/energy-efficiency-program\/cemig-at-cities\/\" \/>\n<meta property=\"og:site_name\" content=\"Cemig en\" \/>\n<meta property=\"article:modified_time\" content=\"2026-04-30T02:50:29+00:00\" \/>\n<meta name=\"twitter:card\" content=\"summary_large_image\" \/>\n<meta name=\"twitter:label1\" content=\"Est. reading time\" \/>\n\t<meta name=\"twitter:data1\" content=\"1 minute\" \/>\n<script type=\"application\/ld+json\" class=\"yoast-schema-graph\">{\"@context\":\"https:\/\/schema.org\",\"@graph\":[{\"@type\":\"WebPage\",\"@id\":\"https:\/\/www.cemig.com.br\/en\/energy-efficiency-program\/cemig-at-cities\/\",\"url\":\"https:\/\/www.cemig.com.br\/en\/energy-efficiency-program\/cemig-at-cities\/\",\"name\":\"Cemig at Cities - Cemig en\",\"isPartOf\":{\"@id\":\"https:\/\/www.cemig.com.br\/en\/#website\"},\"datePublished\":\"2026-02-25T16:54:44+00:00\",\"dateModified\":\"2026-04-30T02:50:29+00:00\",\"breadcrumb\":{\"@id\":\"https:\/\/www.cemig.com.br\/en\/energy-efficiency-program\/cemig-at-cities\/#breadcrumb\"},\"inLanguage\":\"en-US\",\"potentialAction\":[{\"@type\":\"ReadAction\",\"target\":[\"https:\/\/www.cemig.com.br\/en\/energy-efficiency-program\/cemig-at-cities\/\"]}]},{\"@type\":\"BreadcrumbList\",\"@id\":\"https:\/\/www.cemig.com.br\/en\/energy-efficiency-program\/cemig-at-cities\/#breadcrumb\",\"itemListElement\":[{\"@type\":\"ListItem\",\"position\":1,\"name\":\"In\u00edcio\",\"item\":\"https:\/\/www.cemig.com.br\/en\/\"},{\"@type\":\"ListItem\",\"position\":2,\"name\":\"Energy Efficiency\",\"item\":\"https:\/\/www.cemig.com.br\/en\/energy-efficiency-program\/\"},{\"@type\":\"ListItem\",\"position\":3,\"name\":\"Cemig at Cities\"}]},{\"@type\":\"WebSite\",\"@id\":\"https:\/\/www.cemig.com.br\/en\/#website\",\"url\":\"https:\/\/www.cemig.com.br\/en\/\",\"name\":\"Cemig en\",\"description\":\"\",\"potentialAction\":[{\"@type\":\"SearchAction\",\"target\":{\"@type\":\"EntryPoint\",\"urlTemplate\":\"https:\/\/www.cemig.com.br\/en\/?s={search_term_string}\"},\"query-input\":{\"@type\":\"PropertyValueSpecification\",\"valueRequired\":true,\"valueName\":\"search_term_string\"}}],\"inLanguage\":\"en-US\"}]}<\/script>\n<!-- \/ Yoast SEO plugin. -->","yoast_head_json":{"title":"Cemig at Cities - Cemig en","robots":{"index":"index","follow":"follow","max-snippet":"max-snippet:-1","max-image-preview":"max-image-preview:large","max-video-preview":"max-video-preview:-1"},"canonical":"https:\/\/www.cemig.com.br\/en\/energy-efficiency-program\/cemig-at-cities\/","og_locale":"en_US","og_type":"article","og_title":"Cemig at Cities - Cemig en","og_description":"Cemig at Cities Installing Led lamps Standardize public lighting points with LED technology lamps \u2013&nbsp;As a result of the quality of the new lamps installation, the initiative aims to provide a reduction in municipal energy consumption and advances in the population safety. The initiative, which is part of the 2017 Public Call for Projects, also allows remote control and management of the entire lighting system. Public The entire population of municipalities contemplated. Scope El\u00f3i Mendes (3086 points), Mar de Espa\u00f1a (1247 points) and Ipia\u00e7u (691 points). Modernizing the lighting of the Pal\u00e1cio da Liberdade Upgrade the lighting retrofit \u2013\u00a0System composed of light bulbs, ballasts and lamps \u2013 of the whole Pal\u00e1cio da Liberdade, in Belo Horizonte. Public Visitors to the historic Government headquarters open to visitation and Public Sector. Scope Internal and external premises of Liberty Palace, Governor\u2019s Military Office and&nbsp;Voluntary Social Welfare Service (Servas). Led lightinh on the BH road Adapting electrical installations and standardizing and unifying, the whole system with LED technology.&nbsp;&nbsp; Public 40,000 people circulating at the Bus Terminal every day. Scope Belo Horizonte Bus Station","og_url":"https:\/\/www.cemig.com.br\/en\/energy-efficiency-program\/cemig-at-cities\/","og_site_name":"Cemig en","article_modified_time":"2026-04-30T02:50:29+00:00","twitter_card":"summary_large_image","twitter_misc":{"Est. reading time":"1 minute"},"schema":{"@context":"https:\/\/schema.org","@graph":[{"@type":"WebPage","@id":"https:\/\/www.cemig.com.br\/en\/energy-efficiency-program\/cemig-at-cities\/","url":"https:\/\/www.cemig.com.br\/en\/energy-efficiency-program\/cemig-at-cities\/","name":"Cemig at Cities - Cemig en","isPartOf":{"@id":"https:\/\/www.cemig.com.br\/en\/#website"},"datePublished":"2026-02-25T16:54:44+00:00","dateModified":"2026-04-30T02:50:29+00:00","breadcrumb":{"@id":"https:\/\/www.cemig.com.br\/en\/energy-efficiency-program\/cemig-at-cities\/#breadcrumb"},"inLanguage":"en-US","potentialAction":[{"@type":"ReadAction","target":["https:\/\/www.cemig.com.br\/en\/energy-efficiency-program\/cemig-at-cities\/"]}]},{"@type":"BreadcrumbList","@id":"https:\/\/www.cemig.com.br\/en\/energy-efficiency-program\/cemig-at-cities\/#breadcrumb","itemListElement":[{"@type":"ListItem","position":1,"name":"In\u00edcio","item":"https:\/\/www.cemig.com.br\/en\/"},{"@type":"ListItem","position":2,"name":"Energy Efficiency","item":"https:\/\/www.cemig.com.br\/en\/energy-efficiency-program\/"},{"@type":"ListItem","position":3,"name":"Cemig at Cities"}]},{"@type":"WebSite","@id":"https:\/\/www.cemig.com.br\/en\/#website","url":"https:\/\/www.cemig.com.br\/en\/","name":"Cemig en","description":"","potentialAction":[{"@type":"SearchAction","target":{"@type":"EntryPoint","urlTemplate":"https:\/\/www.cemig.com.br\/en\/?s={search_term_string}"},"query-input":{"@type":"PropertyValueSpecification","valueRequired":true,"valueName":"search_term_string"}}],"inLanguage":"en-US"}]}},"_links":{"self":[{"href":"https:\/\/www.cemig.com.br\/en\/wp-json\/wp\/v2\/pages\/208","targetHints":{"allow":["GET"]}}],"collection":[{"href":"https:\/\/www.cemig.com.br\/en\/wp-json\/wp\/v2\/pages"}],"about":[{"href":"https:\/\/www.cemig.com.br\/en\/wp-json\/wp\/v2\/types\/page"}],"author":[{"embeddable":true,"href":"https:\/\/www.cemig.com.br\/en\/wp-json\/wp\/v2\/users\/1"}],"replies":[{"embeddable":true,"href":"https:\/\/www.cemig.com.br\/en\/wp-json\/wp\/v2\/comments?post=208"}],"version-history":[{"count":1,"href":"https:\/\/www.cemig.com.br\/en\/wp-json\/wp\/v2\/pages\/208\/revisions"}],"predecessor-version":[{"id":424,"href":"https:\/\/www.cemig.com.br\/en\/wp-json\/wp\/v2\/pages\/208\/revisions\/424"}],"up":[{"embeddable":true,"href":"https:\/\/www.cemig.com.br\/en\/wp-json\/wp\/v2\/pages\/204"}],"wp:attachment":[{"href":"https:\/\/www.cemig.com.br\/en\/wp-json\/wp\/v2\/media?parent=208"}],"wp:term":[{"taxonomy":"tipo-de-conteudo","embeddable":true,"href":"https:\/\/www.cemig.com.br\/en\/wp-json\/wp\/v2\/tipo-de-conteudo?post=208"}],"curies":[{"name":"wp","href":"https:\/\/api.w.org\/{rel}","templated":true}]}}