{"id":202,"date":"2026-02-25T13:35:04","date_gmt":"2026-02-25T16:35:04","guid":{"rendered":"https:\/\/www.cemig.com.br\/en\/transparency\/"},"modified":"2026-04-29T23:29:27","modified_gmt":"2026-04-30T02:29:27","slug":"transparency","status":"publish","type":"page","link":"https:\/\/www.cemig.com.br\/en\/transparency\/","title":{"rendered":"Transparency"},"content":{"rendered":"\n<p>Cemig pays maintenance fees to each association as well as to other member companies. These fees are established in the meetings of the entities, according to the respective statutes.<\/p>\n\n\n\n<p>The following is the list of the main sectorial entities:<\/p>\n\n\n\n<p><strong>ABCE<\/strong>&nbsp;\u2013 Associa\u00e7\u00e3o Brasileira de Companhias de Energia El\u00e9trica (Brazilian Association of Electric Energy Companies).<\/p>\n\n\n\n<p><strong>ABRACEEL&nbsp;<\/strong>\u2013 Associa\u00e7\u00e3o Brasileira dos Comercializadores de Energia (Brazilian Association of Energy Traders);<\/p>\n\n\n\n<p><strong>ABRADEE<\/strong>&nbsp;\u2013 Associa\u00e7\u00e3o Brasileira dos Distribuidores de Energia El\u00e9trica (Brazilian Association of Electric Energy Distributors);<\/p>\n\n\n\n<p><strong>&nbsp;ABRAGE<\/strong>&nbsp;\u2013 Associa\u00e7\u00e3o Brasileira das Empresas Geradoras de Energia El\u00e9trica (Brazilian Association of Electric Energy Generating Companies);<\/p>\n\n\n\n<p><strong>ABRAGEL<\/strong>&nbsp;\u2013 Associa\u00e7\u00e3o Brasileira de Gera\u00e7\u00e3o de Energia Limpa &nbsp;(Brazilian Association of Clean Energy Generation);<\/p>\n\n\n\n<p><strong>ABRAGET<\/strong>&nbsp;\u2013 Associa\u00e7\u00e3o Brasileira de Geradoras Termel\u00e9tricas (Brazilian Association of Thermoelectric Generators);<\/p>\n\n\n\n<p><strong>ABRATE<\/strong>&nbsp;\u2013 Associa\u00e7\u00e3o Brasileira de Empresas de Transmiss\u00e3o de Energia El\u00e9trica (Brazilian Association of Electric Energy Transmission);<\/p>\n\n\n\n<p><strong>APINE<\/strong>&nbsp;\u2013 Associa\u00e7\u00e3o Brasileira dos Produtores Independentes de Energia El\u00e9trica (Brazilian Association of Independent Electric Power Producers).<\/p>\n\n\n\n<p><strong>Total contributions to sectorial entities:<\/strong><\/p>\n\n\n\r\n    <section\r\n    class=\"bloco-tabela\"\r\n    id=\"tabela_69f4ed03a8438-wrapper\"\r\n    data-table-id=\"tabela_69f4ed03a8438\"\r\n    data-page-length=\"20\"\r\n    data-paging=\"false\"\r\n    data-translate=\"https:\/\/www.cemig.com.br\/en\/wp-content\/themes\/cemig-theme\/assets\/plugins\/dataTables\/pt-BR.json\"\r\n    data-mobile-max-width=\"569\"\r\n  >\r\n    <div class=\"container\">\r\n      <div class=\"row\">\r\n        <div class=\"col-12 mx-auto\">\r\n          <div class=\"tabela-wrapper\">\r\n            <table id=\"tabela_69f4ed03a8438\" class=\"table \">\r\n                              <thead>\r\n                  <tr>\r\n                                          <th scope=\"col\">2013<\/th>\r\n                                          <th scope=\"col\">2014<\/th>\r\n                                          <th scope=\"col\">2015<\/th>\r\n                                          <th scope=\"col\">2016<\/th>\r\n                                          <th scope=\"col\">2017<\/th>\r\n                                          <th scope=\"col\">2018<\/th>\r\n                                          <th scope=\"col\">2019<\/th>\r\n                                      <\/tr>\r\n                <\/thead>\r\n              \r\n              <tbody>\r\n                                                      <tr>\r\n                                              <td data-label=\"2013\">\r\n                          R$944.506,84                        <\/td>\r\n                                              <td data-label=\"2014\">\r\n                          R$1.067.785,50                        <\/td>\r\n                                              <td data-label=\"2015\">\r\n                          R$1.079.844,34                        <\/td>\r\n                                              <td data-label=\"2016\">\r\n                          R$1.096.561,3                        <\/td>\r\n                                              <td data-label=\"2017\">\r\n                          R$1.230.744,32                        <\/td>\r\n                                              <td data-label=\"2018\">\r\n                          R$1.208.582,63                        <\/td>\r\n                                              <td data-label=\"2019\">\r\n                          R$1.188.649.72                        <\/td>\r\n                                          <\/tr>\r\n                                                <\/tbody>\r\n\r\n            <\/table>\r\n          <\/div>\r\n\r\n          \r\n        <\/div>\r\n      <\/div>\r\n    <\/div>\r\n  <\/section>\r\n ","protected":false},"excerpt":{"rendered":"<p>Cemig pays maintenance fees to each association as well as to other member companies. These fees are established in the meetings of the entities, according to the respective statutes. The following is the list of the main sectorial entities: ABCE&nbsp;\u2013 Associa\u00e7\u00e3o Brasileira de Companhias de Energia El\u00e9trica (Brazilian Association of Electric Energy Companies). ABRACEEL&nbsp;\u2013 Associa\u00e7\u00e3o Brasileira dos Comercializadores de Energia (Brazilian Association of Energy Traders); ABRADEE&nbsp;\u2013 Associa\u00e7\u00e3o Brasileira dos Distribuidores de Energia El\u00e9trica (Brazilian Association of Electric Energy Distributors); &nbsp;ABRAGE&nbsp;\u2013 Associa\u00e7\u00e3o Brasileira das Empresas Geradoras de Energia El\u00e9trica (Brazilian Association of Electric Energy Generating Companies); ABRAGEL&nbsp;\u2013 Associa\u00e7\u00e3o Brasileira de Gera\u00e7\u00e3o de Energia Limpa &nbsp;(Brazilian Association of Clean Energy Generation); ABRAGET&nbsp;\u2013 Associa\u00e7\u00e3o Brasileira de Geradoras Termel\u00e9tricas (Brazilian Association of Thermoelectric Generators); ABRATE&nbsp;\u2013 Associa\u00e7\u00e3o Brasileira de Empresas de Transmiss\u00e3o de Energia El\u00e9trica (Brazilian Association of Electric Energy Transmission); APINE&nbsp;\u2013 Associa\u00e7\u00e3o Brasileira dos Produtores Independentes de Energia El\u00e9trica (Brazilian Association of Independent Electric Power Producers). Total contributions to sectorial entities:<\/p>\n","protected":false},"author":1,"featured_media":0,"parent":0,"menu_order":0,"comment_status":"closed","ping_status":"closed","template":"","meta":{"_acf_changed":false,"footnotes":""},"tipo-de-conteudo":[24],"class_list":["post-202","page","type-page","status-publish","hentry"],"acf":[],"yoast_head":"<!-- This site is optimized with the Yoast SEO plugin v26.0 - https:\/\/yoast.com\/wordpress\/plugins\/seo\/ -->\n<title>Transparency - Cemig en<\/title>\n<meta name=\"robots\" content=\"index, follow, max-snippet:-1, max-image-preview:large, max-video-preview:-1\" \/>\n<link rel=\"canonical\" href=\"https:\/\/www.cemig.com.br\/en\/transparency\/\" \/>\n<meta property=\"og:locale\" content=\"en_US\" \/>\n<meta property=\"og:type\" content=\"article\" \/>\n<meta property=\"og:title\" content=\"Transparency - Cemig en\" \/>\n<meta property=\"og:description\" content=\"Cemig pays maintenance fees to each association as well as to other member companies. These fees are established in the meetings of the entities, according to the respective statutes. The following is the list of the main sectorial entities: ABCE&nbsp;\u2013 Associa\u00e7\u00e3o Brasileira de Companhias de Energia El\u00e9trica (Brazilian Association of Electric Energy Companies). ABRACEEL&nbsp;\u2013 Associa\u00e7\u00e3o Brasileira dos Comercializadores de Energia (Brazilian Association of Energy Traders); ABRADEE&nbsp;\u2013 Associa\u00e7\u00e3o Brasileira dos Distribuidores de Energia El\u00e9trica (Brazilian Association of Electric Energy Distributors); &nbsp;ABRAGE&nbsp;\u2013 Associa\u00e7\u00e3o Brasileira das Empresas Geradoras de Energia El\u00e9trica (Brazilian Association of Electric Energy Generating Companies); ABRAGEL&nbsp;\u2013 Associa\u00e7\u00e3o Brasileira de Gera\u00e7\u00e3o de Energia Limpa &nbsp;(Brazilian Association of Clean Energy Generation); ABRAGET&nbsp;\u2013 Associa\u00e7\u00e3o Brasileira de Geradoras Termel\u00e9tricas (Brazilian Association of Thermoelectric Generators); ABRATE&nbsp;\u2013 Associa\u00e7\u00e3o Brasileira de Empresas de Transmiss\u00e3o de Energia El\u00e9trica (Brazilian Association of Electric Energy Transmission); APINE&nbsp;\u2013 Associa\u00e7\u00e3o Brasileira dos Produtores Independentes de Energia El\u00e9trica (Brazilian Association of Independent Electric Power Producers). Total contributions to sectorial entities:\" \/>\n<meta property=\"og:url\" content=\"https:\/\/www.cemig.com.br\/en\/transparency\/\" \/>\n<meta property=\"og:site_name\" content=\"Cemig en\" \/>\n<meta property=\"article:modified_time\" content=\"2026-04-30T02:29:27+00:00\" \/>\n<meta name=\"twitter:card\" content=\"summary_large_image\" \/>\n<meta name=\"twitter:label1\" content=\"Est. reading time\" \/>\n\t<meta name=\"twitter:data1\" content=\"1 minute\" \/>\n<script type=\"application\/ld+json\" class=\"yoast-schema-graph\">{\"@context\":\"https:\/\/schema.org\",\"@graph\":[{\"@type\":\"WebPage\",\"@id\":\"https:\/\/www.cemig.com.br\/en\/transparency\/\",\"url\":\"https:\/\/www.cemig.com.br\/en\/transparency\/\",\"name\":\"Transparency - Cemig en\",\"isPartOf\":{\"@id\":\"https:\/\/www.cemig.com.br\/en\/#website\"},\"datePublished\":\"2026-02-25T16:35:04+00:00\",\"dateModified\":\"2026-04-30T02:29:27+00:00\",\"breadcrumb\":{\"@id\":\"https:\/\/www.cemig.com.br\/en\/transparency\/#breadcrumb\"},\"inLanguage\":\"en-US\",\"potentialAction\":[{\"@type\":\"ReadAction\",\"target\":[\"https:\/\/www.cemig.com.br\/en\/transparency\/\"]}]},{\"@type\":\"BreadcrumbList\",\"@id\":\"https:\/\/www.cemig.com.br\/en\/transparency\/#breadcrumb\",\"itemListElement\":[{\"@type\":\"ListItem\",\"position\":1,\"name\":\"In\u00edcio\",\"item\":\"https:\/\/www.cemig.com.br\/en\/\"},{\"@type\":\"ListItem\",\"position\":2,\"name\":\"Transparency\"}]},{\"@type\":\"WebSite\",\"@id\":\"https:\/\/www.cemig.com.br\/en\/#website\",\"url\":\"https:\/\/www.cemig.com.br\/en\/\",\"name\":\"Cemig en\",\"description\":\"\",\"potentialAction\":[{\"@type\":\"SearchAction\",\"target\":{\"@type\":\"EntryPoint\",\"urlTemplate\":\"https:\/\/www.cemig.com.br\/en\/?s={search_term_string}\"},\"query-input\":{\"@type\":\"PropertyValueSpecification\",\"valueRequired\":true,\"valueName\":\"search_term_string\"}}],\"inLanguage\":\"en-US\"}]}<\/script>\n<!-- \/ Yoast SEO plugin. -->","yoast_head_json":{"title":"Transparency - Cemig en","robots":{"index":"index","follow":"follow","max-snippet":"max-snippet:-1","max-image-preview":"max-image-preview:large","max-video-preview":"max-video-preview:-1"},"canonical":"https:\/\/www.cemig.com.br\/en\/transparency\/","og_locale":"en_US","og_type":"article","og_title":"Transparency - Cemig en","og_description":"Cemig pays maintenance fees to each association as well as to other member companies. These fees are established in the meetings of the entities, according to the respective statutes. The following is the list of the main sectorial entities: ABCE&nbsp;\u2013 Associa\u00e7\u00e3o Brasileira de Companhias de Energia El\u00e9trica (Brazilian Association of Electric Energy Companies). ABRACEEL&nbsp;\u2013 Associa\u00e7\u00e3o Brasileira dos Comercializadores de Energia (Brazilian Association of Energy Traders); ABRADEE&nbsp;\u2013 Associa\u00e7\u00e3o Brasileira dos Distribuidores de Energia El\u00e9trica (Brazilian Association of Electric Energy Distributors); &nbsp;ABRAGE&nbsp;\u2013 Associa\u00e7\u00e3o Brasileira das Empresas Geradoras de Energia El\u00e9trica (Brazilian Association of Electric Energy Generating Companies); ABRAGEL&nbsp;\u2013 Associa\u00e7\u00e3o Brasileira de Gera\u00e7\u00e3o de Energia Limpa &nbsp;(Brazilian Association of Clean Energy Generation); ABRAGET&nbsp;\u2013 Associa\u00e7\u00e3o Brasileira de Geradoras Termel\u00e9tricas (Brazilian Association of Thermoelectric Generators); ABRATE&nbsp;\u2013 Associa\u00e7\u00e3o Brasileira de Empresas de Transmiss\u00e3o de Energia El\u00e9trica (Brazilian Association of Electric Energy Transmission); APINE&nbsp;\u2013 Associa\u00e7\u00e3o Brasileira dos Produtores Independentes de Energia El\u00e9trica (Brazilian Association of Independent Electric Power Producers). Total contributions to sectorial entities:","og_url":"https:\/\/www.cemig.com.br\/en\/transparency\/","og_site_name":"Cemig en","article_modified_time":"2026-04-30T02:29:27+00:00","twitter_card":"summary_large_image","twitter_misc":{"Est. reading time":"1 minute"},"schema":{"@context":"https:\/\/schema.org","@graph":[{"@type":"WebPage","@id":"https:\/\/www.cemig.com.br\/en\/transparency\/","url":"https:\/\/www.cemig.com.br\/en\/transparency\/","name":"Transparency - Cemig en","isPartOf":{"@id":"https:\/\/www.cemig.com.br\/en\/#website"},"datePublished":"2026-02-25T16:35:04+00:00","dateModified":"2026-04-30T02:29:27+00:00","breadcrumb":{"@id":"https:\/\/www.cemig.com.br\/en\/transparency\/#breadcrumb"},"inLanguage":"en-US","potentialAction":[{"@type":"ReadAction","target":["https:\/\/www.cemig.com.br\/en\/transparency\/"]}]},{"@type":"BreadcrumbList","@id":"https:\/\/www.cemig.com.br\/en\/transparency\/#breadcrumb","itemListElement":[{"@type":"ListItem","position":1,"name":"In\u00edcio","item":"https:\/\/www.cemig.com.br\/en\/"},{"@type":"ListItem","position":2,"name":"Transparency"}]},{"@type":"WebSite","@id":"https:\/\/www.cemig.com.br\/en\/#website","url":"https:\/\/www.cemig.com.br\/en\/","name":"Cemig en","description":"","potentialAction":[{"@type":"SearchAction","target":{"@type":"EntryPoint","urlTemplate":"https:\/\/www.cemig.com.br\/en\/?s={search_term_string}"},"query-input":{"@type":"PropertyValueSpecification","valueRequired":true,"valueName":"search_term_string"}}],"inLanguage":"en-US"}]}},"_links":{"self":[{"href":"https:\/\/www.cemig.com.br\/en\/wp-json\/wp\/v2\/pages\/202","targetHints":{"allow":["GET"]}}],"collection":[{"href":"https:\/\/www.cemig.com.br\/en\/wp-json\/wp\/v2\/pages"}],"about":[{"href":"https:\/\/www.cemig.com.br\/en\/wp-json\/wp\/v2\/types\/page"}],"author":[{"embeddable":true,"href":"https:\/\/www.cemig.com.br\/en\/wp-json\/wp\/v2\/users\/1"}],"replies":[{"embeddable":true,"href":"https:\/\/www.cemig.com.br\/en\/wp-json\/wp\/v2\/comments?post=202"}],"version-history":[{"count":1,"href":"https:\/\/www.cemig.com.br\/en\/wp-json\/wp\/v2\/pages\/202\/revisions"}],"predecessor-version":[{"id":437,"href":"https:\/\/www.cemig.com.br\/en\/wp-json\/wp\/v2\/pages\/202\/revisions\/437"}],"wp:attachment":[{"href":"https:\/\/www.cemig.com.br\/en\/wp-json\/wp\/v2\/media?parent=202"}],"wp:term":[{"taxonomy":"tipo-de-conteudo","embeddable":true,"href":"https:\/\/www.cemig.com.br\/en\/wp-json\/wp\/v2\/tipo-de-conteudo?post=202"}],"curies":[{"name":"wp","href":"https:\/\/api.w.org\/{rel}","templated":true}]}}