{"id":182,"date":"2026-02-24T18:02:56","date_gmt":"2026-02-24T21:02:56","guid":{"rendered":"https:\/\/www.cemig.com.br\/en\/advisory-committees-of-the-board-of-directors\/"},"modified":"2026-04-29T23:41:40","modified_gmt":"2026-04-30T02:41:40","slug":"advisory-committees-of-the-board-of-directors","status":"publish","type":"page","link":"https:\/\/www.cemig.com.br\/en\/board-of-executive-officers\/board-of-directors\/advisory-committees-of-the-board-of-directors\/","title":{"rendered":"Advisory Committees of the Board of Directors"},"content":{"rendered":"\n<h1 class=\"wp-block-heading\">Advisory Committees of the Board of Directors<\/h1>\n\n\n\n<p>Composition from 05.10.2024<\/p>\n\n\n\n<h2 class=\"wp-block-heading\">Human Resources Committee<\/h2>\n\n\n<ul>\n<li>\n<p>Jos\u00e9 Reinaldo Magalh\u00e3es (coordinator)<\/p>\n<\/li>\n<li>\n<p>Roger Daniel Versieux<\/p>\n<\/li>\n<li>\n<p>Ricardo Menin Gaertner<\/p>\n<\/li>\n<\/ul>\n\n\n<div style=\"height:48px\" aria-hidden=\"true\" class=\"wp-block-spacer\"><\/div>\n\n\n\n<h2 class=\"wp-block-heading\">Divestment, Investment and Finance Committee<\/h2>\n\n\n<ul>\n<li>\n<p>Marcus Leonardo Silberman<\/p>\n<\/li>\n<li>\n<p>Alo\u00edsio Mac\u00e1rio Ferreira de Souza<\/p>\n<\/li>\n<li>\n<p>Jos\u00e9 Reinaldo Magalh\u00e3es<\/p>\n<\/li>\n<\/ul>\n\n\n<div style=\"height:48px\" aria-hidden=\"true\" class=\"wp-block-spacer\"><\/div>\n\n\n\n<h2 class=\"wp-block-heading\">Risk Committee<\/h2>\n\n\n<ul>\n<li>\n<p>Ricardo Menin Gaertner (coordinator)<\/p>\n<\/li>\n<li>\n<p>Anderson Rodrigues<\/p>\n<\/li>\n<li>\n<p>Afonso Henriques Moreira Santos<\/p>\n<\/li>\n<li>\n<p>Roger Daniel Versieux<\/p>\n<\/li>\n<\/ul>\n\n\n<div style=\"height:48px\" aria-hidden=\"true\" class=\"wp-block-spacer\"><\/div>\n\n\n\n<h2 class=\"wp-block-heading\">Innovation and Energy Transition Committee<\/h2>\n\n\n<ul>\n<li>\n<p>Afonso Henriques Moreira Santos (coordinator)<\/p>\n<\/li>\n<li>\n<p>Anderson Rodrigues<\/p>\n<\/li>\n<li>\n<p>Alo\u00edsio Mac\u00e1rio Ferreira de Souza<\/p>\n<\/li>\n<li>\n<p>Marcus Leonardo Silberman<\/p>\n<\/li>\n<\/ul>","protected":false},"excerpt":{"rendered":"<p>Advisory Committees of the Board of Directors Composition from 05.10.2024 Human Resources Committee Jos\u00e9 Reinaldo Magalh\u00e3es (coordinator) Roger Daniel Versieux Ricardo Menin Gaertner Divestment, Investment and Finance Committee Marcus Leonardo Silberman Alo\u00edsio Mac\u00e1rio Ferreira de Souza Jos\u00e9 Reinaldo Magalh\u00e3es Risk Committee Ricardo Menin Gaertner (coordinator) Anderson Rodrigues Afonso Henriques Moreira Santos Roger Daniel Versieux Innovation and Energy Transition Committee Afonso Henriques Moreira Santos (coordinator) Anderson Rodrigues Alo\u00edsio Mac\u00e1rio Ferreira de Souza Marcus Leonardo Silberman<\/p>\n","protected":false},"author":1,"featured_media":0,"parent":181,"menu_order":0,"comment_status":"closed","ping_status":"closed","template":"page-topicos.php","meta":{"_acf_changed":false,"footnotes":""},"tipo-de-conteudo":[22],"class_list":["post-182","page","type-page","status-publish","hentry"],"acf":[],"yoast_head":"<!-- This site is optimized with the Yoast SEO plugin v26.0 - https:\/\/yoast.com\/wordpress\/plugins\/seo\/ -->\n<title>Advisory Committees of the Board of Directors - Cemig en<\/title>\n<meta name=\"robots\" content=\"index, follow, max-snippet:-1, max-image-preview:large, max-video-preview:-1\" \/>\n<link rel=\"canonical\" href=\"https:\/\/www.cemig.com.br\/en\/board-of-executive-officers\/board-of-directors\/advisory-committees-of-the-board-of-directors\/\" \/>\n<meta property=\"og:locale\" content=\"en_US\" \/>\n<meta property=\"og:type\" content=\"article\" \/>\n<meta property=\"og:title\" content=\"Advisory Committees of the Board of Directors - Cemig en\" \/>\n<meta property=\"og:description\" content=\"Advisory Committees of the Board of Directors Composition from 05.10.2024 Human Resources Committee Jos\u00e9 Reinaldo Magalh\u00e3es (coordinator) Roger Daniel Versieux Ricardo Menin Gaertner Divestment, Investment and Finance Committee Marcus Leonardo Silberman Alo\u00edsio Mac\u00e1rio Ferreira de Souza Jos\u00e9 Reinaldo Magalh\u00e3es Risk Committee Ricardo Menin Gaertner (coordinator) Anderson Rodrigues Afonso Henriques Moreira Santos Roger Daniel Versieux Innovation and Energy Transition Committee Afonso Henriques Moreira Santos (coordinator) Anderson Rodrigues Alo\u00edsio Mac\u00e1rio Ferreira de Souza Marcus Leonardo Silberman\" \/>\n<meta property=\"og:url\" content=\"https:\/\/www.cemig.com.br\/en\/board-of-executive-officers\/board-of-directors\/advisory-committees-of-the-board-of-directors\/\" \/>\n<meta property=\"og:site_name\" content=\"Cemig en\" \/>\n<meta property=\"article:modified_time\" content=\"2026-04-30T02:41:40+00:00\" \/>\n<meta name=\"twitter:card\" content=\"summary_large_image\" \/>\n<script type=\"application\/ld+json\" class=\"yoast-schema-graph\">{\"@context\":\"https:\/\/schema.org\",\"@graph\":[{\"@type\":\"WebPage\",\"@id\":\"https:\/\/www.cemig.com.br\/en\/board-of-executive-officers\/board-of-directors\/advisory-committees-of-the-board-of-directors\/\",\"url\":\"https:\/\/www.cemig.com.br\/en\/board-of-executive-officers\/board-of-directors\/advisory-committees-of-the-board-of-directors\/\",\"name\":\"Advisory Committees of the Board of Directors - Cemig en\",\"isPartOf\":{\"@id\":\"https:\/\/www.cemig.com.br\/en\/#website\"},\"datePublished\":\"2026-02-24T21:02:56+00:00\",\"dateModified\":\"2026-04-30T02:41:40+00:00\",\"breadcrumb\":{\"@id\":\"https:\/\/www.cemig.com.br\/en\/board-of-executive-officers\/board-of-directors\/advisory-committees-of-the-board-of-directors\/#breadcrumb\"},\"inLanguage\":\"en-US\",\"potentialAction\":[{\"@type\":\"ReadAction\",\"target\":[\"https:\/\/www.cemig.com.br\/en\/board-of-executive-officers\/board-of-directors\/advisory-committees-of-the-board-of-directors\/\"]}]},{\"@type\":\"BreadcrumbList\",\"@id\":\"https:\/\/www.cemig.com.br\/en\/board-of-executive-officers\/board-of-directors\/advisory-committees-of-the-board-of-directors\/#breadcrumb\",\"itemListElement\":[{\"@type\":\"ListItem\",\"position\":1,\"name\":\"In\u00edcio\",\"item\":\"https:\/\/www.cemig.com.br\/en\/\"},{\"@type\":\"ListItem\",\"position\":2,\"name\":\"Executive Board\",\"item\":\"https:\/\/www.cemig.com.br\/en\/board-of-executive-officers\/\"},{\"@type\":\"ListItem\",\"position\":3,\"name\":\"Board of Directors\",\"item\":\"https:\/\/www.cemig.com.br\/en\/board-of-executive-officers\/board-of-directors\/\"},{\"@type\":\"ListItem\",\"position\":4,\"name\":\"Advisory Committees of the Board of Directors\"}]},{\"@type\":\"WebSite\",\"@id\":\"https:\/\/www.cemig.com.br\/en\/#website\",\"url\":\"https:\/\/www.cemig.com.br\/en\/\",\"name\":\"Cemig en\",\"description\":\"\",\"potentialAction\":[{\"@type\":\"SearchAction\",\"target\":{\"@type\":\"EntryPoint\",\"urlTemplate\":\"https:\/\/www.cemig.com.br\/en\/?s={search_term_string}\"},\"query-input\":{\"@type\":\"PropertyValueSpecification\",\"valueRequired\":true,\"valueName\":\"search_term_string\"}}],\"inLanguage\":\"en-US\"}]}<\/script>\n<!-- \/ Yoast SEO plugin. -->","yoast_head_json":{"title":"Advisory Committees of the Board of Directors - Cemig en","robots":{"index":"index","follow":"follow","max-snippet":"max-snippet:-1","max-image-preview":"max-image-preview:large","max-video-preview":"max-video-preview:-1"},"canonical":"https:\/\/www.cemig.com.br\/en\/board-of-executive-officers\/board-of-directors\/advisory-committees-of-the-board-of-directors\/","og_locale":"en_US","og_type":"article","og_title":"Advisory Committees of the Board of Directors - Cemig en","og_description":"Advisory Committees of the Board of Directors Composition from 05.10.2024 Human Resources Committee Jos\u00e9 Reinaldo Magalh\u00e3es (coordinator) Roger Daniel Versieux Ricardo Menin Gaertner Divestment, Investment and Finance Committee Marcus Leonardo Silberman Alo\u00edsio Mac\u00e1rio Ferreira de Souza Jos\u00e9 Reinaldo Magalh\u00e3es Risk Committee Ricardo Menin Gaertner (coordinator) Anderson Rodrigues Afonso Henriques Moreira Santos Roger Daniel Versieux Innovation and Energy Transition Committee Afonso Henriques Moreira Santos (coordinator) Anderson Rodrigues Alo\u00edsio Mac\u00e1rio Ferreira de Souza Marcus Leonardo Silberman","og_url":"https:\/\/www.cemig.com.br\/en\/board-of-executive-officers\/board-of-directors\/advisory-committees-of-the-board-of-directors\/","og_site_name":"Cemig en","article_modified_time":"2026-04-30T02:41:40+00:00","twitter_card":"summary_large_image","schema":{"@context":"https:\/\/schema.org","@graph":[{"@type":"WebPage","@id":"https:\/\/www.cemig.com.br\/en\/board-of-executive-officers\/board-of-directors\/advisory-committees-of-the-board-of-directors\/","url":"https:\/\/www.cemig.com.br\/en\/board-of-executive-officers\/board-of-directors\/advisory-committees-of-the-board-of-directors\/","name":"Advisory Committees of the Board of Directors - Cemig en","isPartOf":{"@id":"https:\/\/www.cemig.com.br\/en\/#website"},"datePublished":"2026-02-24T21:02:56+00:00","dateModified":"2026-04-30T02:41:40+00:00","breadcrumb":{"@id":"https:\/\/www.cemig.com.br\/en\/board-of-executive-officers\/board-of-directors\/advisory-committees-of-the-board-of-directors\/#breadcrumb"},"inLanguage":"en-US","potentialAction":[{"@type":"ReadAction","target":["https:\/\/www.cemig.com.br\/en\/board-of-executive-officers\/board-of-directors\/advisory-committees-of-the-board-of-directors\/"]}]},{"@type":"BreadcrumbList","@id":"https:\/\/www.cemig.com.br\/en\/board-of-executive-officers\/board-of-directors\/advisory-committees-of-the-board-of-directors\/#breadcrumb","itemListElement":[{"@type":"ListItem","position":1,"name":"In\u00edcio","item":"https:\/\/www.cemig.com.br\/en\/"},{"@type":"ListItem","position":2,"name":"Executive Board","item":"https:\/\/www.cemig.com.br\/en\/board-of-executive-officers\/"},{"@type":"ListItem","position":3,"name":"Board of Directors","item":"https:\/\/www.cemig.com.br\/en\/board-of-executive-officers\/board-of-directors\/"},{"@type":"ListItem","position":4,"name":"Advisory Committees of the Board of Directors"}]},{"@type":"WebSite","@id":"https:\/\/www.cemig.com.br\/en\/#website","url":"https:\/\/www.cemig.com.br\/en\/","name":"Cemig en","description":"","potentialAction":[{"@type":"SearchAction","target":{"@type":"EntryPoint","urlTemplate":"https:\/\/www.cemig.com.br\/en\/?s={search_term_string}"},"query-input":{"@type":"PropertyValueSpecification","valueRequired":true,"valueName":"search_term_string"}}],"inLanguage":"en-US"}]}},"_links":{"self":[{"href":"https:\/\/www.cemig.com.br\/en\/wp-json\/wp\/v2\/pages\/182","targetHints":{"allow":["GET"]}}],"collection":[{"href":"https:\/\/www.cemig.com.br\/en\/wp-json\/wp\/v2\/pages"}],"about":[{"href":"https:\/\/www.cemig.com.br\/en\/wp-json\/wp\/v2\/types\/page"}],"author":[{"embeddable":true,"href":"https:\/\/www.cemig.com.br\/en\/wp-json\/wp\/v2\/users\/1"}],"replies":[{"embeddable":true,"href":"https:\/\/www.cemig.com.br\/en\/wp-json\/wp\/v2\/comments?post=182"}],"version-history":[{"count":1,"href":"https:\/\/www.cemig.com.br\/en\/wp-json\/wp\/v2\/pages\/182\/revisions"}],"predecessor-version":[{"id":408,"href":"https:\/\/www.cemig.com.br\/en\/wp-json\/wp\/v2\/pages\/182\/revisions\/408"}],"up":[{"embeddable":true,"href":"https:\/\/www.cemig.com.br\/en\/wp-json\/wp\/v2\/pages\/181"}],"wp:attachment":[{"href":"https:\/\/www.cemig.com.br\/en\/wp-json\/wp\/v2\/media?parent=182"}],"wp:term":[{"taxonomy":"tipo-de-conteudo","embeddable":true,"href":"https:\/\/www.cemig.com.br\/en\/wp-json\/wp\/v2\/tipo-de-conteudo?post=182"}],"curies":[{"name":"wp","href":"https:\/\/api.w.org\/{rel}","templated":true}]}}